{"id":79,"date":"2025-12-16T14:51:58","date_gmt":"2025-12-16T17:51:58","guid":{"rendered":"https:\/\/demoacad.com\/d18\/?page_id=79"},"modified":"2025-12-17T17:10:05","modified_gmt":"2025-12-17T20:10:05","slug":"servicios","status":"publish","type":"page","link":"https:\/\/demoacad.com\/d18\/servicios\/","title":{"rendered":"SERVICIOS"},"content":{"rendered":"<p>[et_pb_section fb_built=\u00bb1&#8243; admin_label=\u00bbHeader\u00bb _builder_version=\u00bb4.27.4&#8243; _module_preset=\u00bbdefault\u00bb use_background_color_gradient=\u00bbon\u00bb background_color_gradient_stops=\u00bbrgba(0,0,0,0.36) 0%|rgba(0,0,0,0.36) 39%\u00bb background_color_gradient_overlays_image=\u00bbon\u00bb background_image=\u00bbhttps:\/\/demoacad.com\/d18\/wp-content\/uploads\/2025\/12\/Somos-06.jpg\u00bb overflow-x=\u00bbhidden\u00bb overflow-y=\u00bbhidden\u00bb hover_enabled=\u00bb0&#8243; locked=\u00bboff\u00bb collapsed=\u00bbon\u00bb global_colors_info=\u00bb{}\u00bb custom_padding=\u00bb10vw||10vw||true|false\u00bb sticky_enabled=\u00bb0&#8243;][et_pb_row _builder_version=\u00bb4.27.4&#8243; _module_preset=\u00bbdefault\u00bb global_colors_info=\u00bb{}\u00bb][et_pb_column type=\u00bb4_4&#8243; _builder_version=\u00bb4.27.4&#8243; _module_preset=\u00bbdefault\u00bb global_colors_info=\u00bb{}\u00bb][et_pb_text _builder_version=\u00bb4.27.4&#8243; _module_preset=\u00bb_initial\u00bb header_font=\u00bbLato|900||on|||||\u00bb header_text_align=\u00bbcenter\u00bb header_text_color=\u00bb#FFFFFF\u00bb header_font_size=\u00bb42px\u00bb global_colors_info=\u00bb{}\u00bb]<\/p>\n<h1>NUESTROS Servicios<\/h1>\n<p>[\/et_pb_text][et_pb_button button_url=\u00bbhttps:\/\/wa.me\/595985100847&#8243; url_new_window=\u00bbon\u00bb button_text=\u00bbContactar\u00bb button_alignment=\u00bbcenter\u00bb _builder_version=\u00bb4.27.4&#8243; _module_preset=\u00bb_initial\u00bb custom_button=\u00bbon\u00bb button_text_size=\u00bb18px\u00bb button_text_color=\u00bb#FFFFFF\u00bb button_bg_color=\u00bb#385273&#8243; button_border_width=\u00bb0px\u00bb button_border_color=\u00bb#ffffff\u00bb button_letter_spacing=\u00bb1px\u00bb button_font=\u00bbLato|700||on|||||\u00bb button_use_icon=\u00bboff\u00bb custom_padding=\u00bb10px|45px|10px|45px|true|true\u00bb global_colors_info=\u00bb{}\u00bb][\/et_pb_button][\/et_pb_column][\/et_pb_row][\/et_pb_section][et_pb_section fb_built=\u00bb1&#8243; admin_label=\u00bbService\u00bb _builder_version=\u00bb4.19.2&#8243; _module_preset=\u00bbdefault\u00bb collapsed=\u00bbon\u00bb global_colors_info=\u00bb{}\u00bb][et_pb_row column_structure=\u00bb1_2,1_2&#8243; _builder_version=\u00bb4.19.2&#8243; _module_preset=\u00bbdefault\u00bb global_colors_info=\u00bb{}\u00bb][et_pb_column type=\u00bb1_2&#8243; _builder_version=\u00bb4.19.2&#8243; _module_preset=\u00bbdefault\u00bb custom_padding=\u00bb|8%|||false|false\u00bb global_colors_info=\u00bb{}\u00bb][et_pb_image src=\u00bbhttps:\/\/demoacad.com\/d18\/wp-content\/uploads\/2025\/12\/Servicios-02.jpg\u00bb title_text=\u00bbServicios 02&#8243; align=\u00bbright\u00bb _builder_version=\u00bb4.27.4&#8243; _module_preset=\u00bbdefault\u00bb custom_margin=\u00bb||0px|-30vw|false|false\u00bb global_colors_info=\u00bb{}\u00bb][\/et_pb_image][\/et_pb_column][et_pb_column type=\u00bb1_2&#8243; _builder_version=\u00bb4.19.2&#8243; _module_preset=\u00bbdefault\u00bb global_colors_info=\u00bb{}\u00bb][et_pb_text _builder_version=\u00bb4.27.4&#8243; _module_preset=\u00bb_initial\u00bb text_font=\u00bbLato||||||||\u00bb text_text_color=\u00bb#000000&#8243; text_font_size=\u00bb16px\u00bb text_line_height=\u00bb1.8em\u00bb global_colors_info=\u00bb{}\u00bb]<\/p>\n<p data-start=\"560\" data-end=\"873\">En <strong data-start=\"563\" data-end=\"578\">CASASYA EAS<\/strong>, cada proyecto inmobiliario es una expresi\u00f3n tangible de nuestra dedicaci\u00f3n a la excelencia, la innovaci\u00f3n y la calidad en el desarrollo y la construcci\u00f3n. Desde la concepci\u00f3n inicial hasta la entrega final, gestionamos cada etapa del proceso con una visi\u00f3n integral y un alto nivel de detalle.<\/p>\n<p data-start=\"875\" data-end=\"1139\">Nuestros desarrollos se distinguen por un dise\u00f1o arquitect\u00f3nico cuidado, la integraci\u00f3n de tecnolog\u00edas modernas y una selecci\u00f3n responsable de materiales de alta calidad. No solo construimos viviendas, sino espacios pensados para convertirse en verdaderos hogares.<\/p>\n<p data-start=\"1141\" data-end=\"1426\">Entendemos que un hogar es m\u00e1s que una estructura f\u00edsica: es el escenario de la vida diaria, donde se construyen recuerdos y proyectos personales. Por eso, cada desarrollo de CASASYA EAS es concebido con el objetivo de cumplir y superar las expectativas de quienes conf\u00edan en nosotros.<\/p>\n<p>[\/et_pb_text][et_pb_image src=\u00bbhttps:\/\/demoacad.com\/d18\/wp-content\/uploads\/2025\/12\/C061-LOGO-CABECERA.png\u00bb title_text=\u00bbC061 LOGO CABECERA\u00bb _builder_version=\u00bb4.27.4&#8243; _module_preset=\u00bbdefault\u00bb max_width=\u00bb75%\u00bb module_alignment=\u00bbcenter\u00bb global_colors_info=\u00bb{}\u00bb][\/et_pb_image][\/et_pb_column][\/et_pb_row][\/et_pb_section][et_pb_section fb_built=\u00bb1&#8243; admin_label=\u00bbService\u00bb _builder_version=\u00bb4.19.2&#8243; _module_preset=\u00bbdefault\u00bb collapsed=\u00bbon\u00bb global_colors_info=\u00bb{}\u00bb][et_pb_row column_structure=\u00bb1_2,1_2&#8243; _builder_version=\u00bb4.19.2&#8243; _module_preset=\u00bbdefault\u00bb global_colors_info=\u00bb{}\u00bb][et_pb_column type=\u00bb1_2&#8243; _builder_version=\u00bb4.19.2&#8243; _module_preset=\u00bbdefault\u00bb custom_padding=\u00bb|8%|||false|false\u00bb global_colors_info=\u00bb{}\u00bb][et_pb_image src=\u00bbhttps:\/\/demoacad.com\/d18\/wp-content\/uploads\/2025\/12\/Servicios-03.jpg\u00bb title_text=\u00bbServicios 03&#8243; align=\u00bbright\u00bb _builder_version=\u00bb4.27.4&#8243; _module_preset=\u00bbdefault\u00bb custom_margin=\u00bb||0px|-30vw|false|false\u00bb global_colors_info=\u00bb{}\u00bb][\/et_pb_image][\/et_pb_column][et_pb_column type=\u00bb1_2&#8243; _builder_version=\u00bb4.19.2&#8243; _module_preset=\u00bbdefault\u00bb global_colors_info=\u00bb{}\u00bb][et_pb_text _builder_version=\u00bb4.27.4&#8243; _module_preset=\u00bb_initial\u00bb text_font=\u00bbLato||||||||\u00bb text_text_color=\u00bb#000000&#8243; text_font_size=\u00bb16px\u00bb header_3_font=\u00bbLato|700|||||||\u00bb global_colors_info=\u00bb{}\u00bb]<\/p>\n<h3 data-start=\"1530\" data-end=\"1562\"><strong data-start=\"1534\" data-end=\"1562\">Construcci\u00f3n Residencial<\/strong><\/h3>\n<p data-start=\"1563\" data-end=\"1803\">Ofrecemos servicios de construcci\u00f3n residencial que abarcan todas las etapas del proyecto, desde la planificaci\u00f3n hasta la entrega final. Cada obra se desarrolla con un compromiso constante con la calidad, la funcionalidad y la durabilidad.<\/p>\n<p data-start=\"1805\" data-end=\"2049\">Nuestros hogares reflejan una est\u00e9tica moderna, combinada con soluciones constructivas eficientes y pensadas para el uso cotidiano. Trabajamos cuidando cada detalle para que cada vivienda responda a las necesidades reales de quienes la habitan.<\/p>\n<h3 data-start=\"2056\" data-end=\"2085\"><strong data-start=\"2060\" data-end=\"2085\">Edificaci\u00f3n Comercial<\/strong><\/h3>\n<p data-start=\"2086\" data-end=\"2334\">En el \u00e1mbito de la edificaci\u00f3n comercial, desarrollamos proyectos arquitect\u00f3nicos orientados al rendimiento y la proyecci\u00f3n empresarial. Dise\u00f1amos y construimos espacios que favorecen el crecimiento, la operatividad y la proyecci\u00f3n de cada negocio.<\/p>\n<p data-start=\"2336\" data-end=\"2524\">Desde oficinas corporativas hasta centros comerciales, nuestros proyectos combinan solidez constructiva, dise\u00f1o funcional y una planificaci\u00f3n pensada para el \u00e9xito comercial a largo plazo.<\/p>\n<p>[\/et_pb_text][\/et_pb_column][\/et_pb_row][\/et_pb_section][et_pb_section fb_built=\u00bb1&#8243; admin_label=\u00bbService\u00bb _builder_version=\u00bb4.19.2&#8243; _module_preset=\u00bbdefault\u00bb collapsed=\u00bbon\u00bb global_colors_info=\u00bb{}\u00bb][et_pb_row column_structure=\u00bb1_2,1_2&#8243; _builder_version=\u00bb4.19.2&#8243; _module_preset=\u00bbdefault\u00bb global_colors_info=\u00bb{}\u00bb][et_pb_column type=\u00bb1_2&#8243; _builder_version=\u00bb4.19.2&#8243; _module_preset=\u00bbdefault\u00bb custom_padding=\u00bb|8%|||false|false\u00bb global_colors_info=\u00bb{}\u00bb][et_pb_image src=\u00bbhttps:\/\/demoacad.com\/d18\/wp-content\/uploads\/2025\/12\/Servicios-04.jpg\u00bb title_text=\u00bbServicios 04&#8243; align=\u00bbright\u00bb _builder_version=\u00bb4.27.4&#8243; _module_preset=\u00bbdefault\u00bb custom_margin=\u00bb||0px|-30vw|false|false\u00bb global_colors_info=\u00bb{}\u00bb][\/et_pb_image][\/et_pb_column][et_pb_column type=\u00bb1_2&#8243; _builder_version=\u00bb4.19.2&#8243; _module_preset=\u00bbdefault\u00bb global_colors_info=\u00bb{}\u00bb][et_pb_text _builder_version=\u00bb4.27.4&#8243; _module_preset=\u00bb_initial\u00bb text_font=\u00bbLato||||||||\u00bb text_text_color=\u00bb#000000&#8243; text_font_size=\u00bb16px\u00bb text_line_height=\u00bb1.8em\u00bb global_colors_info=\u00bb{}\u00bb]<\/p>\n<p>En <strong data-start=\"2624\" data-end=\"2639\">CASASYA EAS<\/strong>, facilitamos las decisiones inmobiliarias mediante servicios de intermediaci\u00f3n claros, profesionales y eficientes. Acompa\u00f1amos cada proceso con una gesti\u00f3n transparente, orientada a brindar seguridad y confianza.<\/p>\n<h4 data-start=\"2859\" data-end=\"2886\"><strong data-start=\"2863\" data-end=\"2886\">Compra de Viviendas<\/strong><\/h4>\n<p data-start=\"2887\" data-end=\"3162\">Acompa\u00f1amos a nuestros clientes en la b\u00fasqueda y adquisici\u00f3n de la vivienda que se adapte a sus necesidades y estilo de vida. Desde la selecci\u00f3n inicial hasta el cierre de la operaci\u00f3n, brindamos asesoramiento constante para que la experiencia de compra sea clara y ordenada.<\/p>\n<h4 data-start=\"3169\" data-end=\"3195\"><strong data-start=\"3173\" data-end=\"3195\">Venta de Viviendas<\/strong><\/h4>\n<p data-start=\"3196\" data-end=\"3462\">Gestionamos la venta de propiedades con un enfoque profesional, cuidando cada etapa del proceso. Aplicamos estrategias adecuadas para dar visibilidad a cada inmueble y asegurar que reciba la atenci\u00f3n que merece, con el objetivo de maximizar el valor de la inversi\u00f3n.<\/p>\n<h4 data-start=\"3469\" data-end=\"3503\"><strong data-start=\"3473\" data-end=\"3503\">Arrendamiento de Viviendas<\/strong><\/h4>\n<p data-start=\"3504\" data-end=\"3744\">Ofrecemos soluciones de arrendamiento pensadas para quienes buscan flexibilidad o alternativas antes de una decisi\u00f3n definitiva. Facilitamos el proceso de alquiler con un acompa\u00f1amiento cercano, asegurando una gesti\u00f3n eficiente y confiable.<\/p>\n<p data-start=\"3504\" data-end=\"3744\">[\/et_pb_text][\/et_pb_column][\/et_pb_row][\/et_pb_section][et_pb_section fb_built=\u00bb1&#8243; _builder_version=\u00bb4.27.4&#8243; _module_preset=\u00bbdefault\u00bb background_color=\u00bb#91ccd9&#8243; global_colors_info=\u00bb{}\u00bb][et_pb_row _builder_version=\u00bb4.27.4&#8243; _module_preset=\u00bbdefault\u00bb global_colors_info=\u00bb{}\u00bb][et_pb_column type=\u00bb4_4&#8243; _builder_version=\u00bb4.27.4&#8243; _module_preset=\u00bbdefault\u00bb global_colors_info=\u00bb{}\u00bb][et_pb_text _builder_version=\u00bb4.27.4&#8243; _module_preset=\u00bbdefault\u00bb text_font=\u00bbLato||||||||\u00bb text_text_color=\u00bb#262624&#8243; text_font_size=\u00bb17px\u00bb text_orientation=\u00bbcenter\u00bb global_colors_info=\u00bb{}\u00bb]<\/p>\n<p>En <strong data-start=\"3828\" data-end=\"3843\">CASASYA EAS<\/strong>, desarrollamos, construimos y gestionamos proyectos inmobiliarios con una visi\u00f3n integral, combinando experiencia, innovaci\u00f3n y compromiso profesional. Cada servicio que ofrecemos est\u00e1 orientado a generar valor real y soluciones sostenibles a largo plazo.<\/p>\n<p>[\/et_pb_text][\/et_pb_column][\/et_pb_row][\/et_pb_section]<\/p>\n","protected":false},"excerpt":{"rendered":"<p>NUESTROS ServiciosEn CASASYA EAS, cada proyecto inmobiliario es una expresi\u00f3n tangible de nuestra dedicaci\u00f3n a la excelencia, la innovaci\u00f3n y la calidad en el desarrollo y la construcci\u00f3n. Desde la concepci\u00f3n inicial hasta la entrega final, gestionamos cada etapa del proceso con una visi\u00f3n integral y un alto nivel de detalle. Nuestros desarrollos se distinguen [&hellip;]<\/p>\n","protected":false},"author":1,"featured_media":0,"parent":0,"menu_order":0,"comment_status":"closed","ping_status":"closed","template":"","meta":{"_et_pb_use_builder":"on","_et_pb_old_content":"","_et_gb_content_width":"","footnotes":""},"class_list":["post-79","page","type-page","status-publish","hentry"],"yoast_head":"<!-- This site is optimized with the Yoast SEO plugin v26.6 - https:\/\/yoast.com\/wordpress\/plugins\/seo\/ -->\n<title>SERVICIOS | CasasYA<\/title>\n<meta name=\"robots\" content=\"noindex, follow, max-snippet:-1, max-image-preview:large, max-video-preview:-1\" \/>\n<meta property=\"og:locale\" content=\"es_ES\" \/>\n<meta property=\"og:type\" content=\"article\" \/>\n<meta property=\"og:title\" content=\"SERVICIOS | CasasYA\" \/>\n<meta property=\"og:description\" content=\"NUESTROS ServiciosEn CASASYA EAS, cada proyecto inmobiliario es una expresi\u00f3n tangible de nuestra dedicaci\u00f3n a la excelencia, la innovaci\u00f3n y la calidad en el desarrollo y la construcci\u00f3n. Desde la concepci\u00f3n inicial hasta la entrega final, gestionamos cada etapa del proceso con una visi\u00f3n integral y un alto nivel de detalle. Nuestros desarrollos se distinguen [&hellip;]\" \/>\n<meta property=\"og:url\" content=\"https:\/\/demoacad.com\/d18\/servicios\/\" \/>\n<meta property=\"og:site_name\" content=\"CasasYA\" \/>\n<meta property=\"article:modified_time\" content=\"2025-12-17T20:10:05+00:00\" \/>\n<meta name=\"twitter:card\" content=\"summary_large_image\" \/>\n<script type=\"application\/ld+json\" class=\"yoast-schema-graph\">{\"@context\":\"https:\/\/schema.org\",\"@graph\":[{\"@type\":\"WebPage\",\"@id\":\"https:\/\/demoacad.com\/d18\/servicios\/\",\"url\":\"https:\/\/demoacad.com\/d18\/servicios\/\",\"name\":\"SERVICIOS | CasasYA\",\"isPartOf\":{\"@id\":\"https:\/\/demoacad.com\/d18\/#website\"},\"datePublished\":\"2025-12-16T17:51:58+00:00\",\"dateModified\":\"2025-12-17T20:10:05+00:00\",\"breadcrumb\":{\"@id\":\"https:\/\/demoacad.com\/d18\/servicios\/#breadcrumb\"},\"inLanguage\":\"es\",\"potentialAction\":[{\"@type\":\"ReadAction\",\"target\":[\"https:\/\/demoacad.com\/d18\/servicios\/\"]}]},{\"@type\":\"BreadcrumbList\",\"@id\":\"https:\/\/demoacad.com\/d18\/servicios\/#breadcrumb\",\"itemListElement\":[{\"@type\":\"ListItem\",\"position\":1,\"name\":\"Portada\",\"item\":\"https:\/\/demoacad.com\/d18\/\"},{\"@type\":\"ListItem\",\"position\":2,\"name\":\"SERVICIOS\"}]},{\"@type\":\"WebSite\",\"@id\":\"https:\/\/demoacad.com\/d18\/#website\",\"url\":\"https:\/\/demoacad.com\/d18\/\",\"name\":\"CasasYA\",\"description\":\"\",\"potentialAction\":[{\"@type\":\"SearchAction\",\"target\":{\"@type\":\"EntryPoint\",\"urlTemplate\":\"https:\/\/demoacad.com\/d18\/?s={search_term_string}\"},\"query-input\":{\"@type\":\"PropertyValueSpecification\",\"valueRequired\":true,\"valueName\":\"search_term_string\"}}],\"inLanguage\":\"es\"}]}<\/script>\n<!-- \/ Yoast SEO plugin. -->","yoast_head_json":{"title":"SERVICIOS | CasasYA","robots":{"index":"noindex","follow":"follow","max-snippet":"max-snippet:-1","max-image-preview":"max-image-preview:large","max-video-preview":"max-video-preview:-1"},"og_locale":"es_ES","og_type":"article","og_title":"SERVICIOS | CasasYA","og_description":"NUESTROS ServiciosEn CASASYA EAS, cada proyecto inmobiliario es una expresi\u00f3n tangible de nuestra dedicaci\u00f3n a la excelencia, la innovaci\u00f3n y la calidad en el desarrollo y la construcci\u00f3n. Desde la concepci\u00f3n inicial hasta la entrega final, gestionamos cada etapa del proceso con una visi\u00f3n integral y un alto nivel de detalle. Nuestros desarrollos se distinguen [&hellip;]","og_url":"https:\/\/demoacad.com\/d18\/servicios\/","og_site_name":"CasasYA","article_modified_time":"2025-12-17T20:10:05+00:00","twitter_card":"summary_large_image","schema":{"@context":"https:\/\/schema.org","@graph":[{"@type":"WebPage","@id":"https:\/\/demoacad.com\/d18\/servicios\/","url":"https:\/\/demoacad.com\/d18\/servicios\/","name":"SERVICIOS | CasasYA","isPartOf":{"@id":"https:\/\/demoacad.com\/d18\/#website"},"datePublished":"2025-12-16T17:51:58+00:00","dateModified":"2025-12-17T20:10:05+00:00","breadcrumb":{"@id":"https:\/\/demoacad.com\/d18\/servicios\/#breadcrumb"},"inLanguage":"es","potentialAction":[{"@type":"ReadAction","target":["https:\/\/demoacad.com\/d18\/servicios\/"]}]},{"@type":"BreadcrumbList","@id":"https:\/\/demoacad.com\/d18\/servicios\/#breadcrumb","itemListElement":[{"@type":"ListItem","position":1,"name":"Portada","item":"https:\/\/demoacad.com\/d18\/"},{"@type":"ListItem","position":2,"name":"SERVICIOS"}]},{"@type":"WebSite","@id":"https:\/\/demoacad.com\/d18\/#website","url":"https:\/\/demoacad.com\/d18\/","name":"CasasYA","description":"","potentialAction":[{"@type":"SearchAction","target":{"@type":"EntryPoint","urlTemplate":"https:\/\/demoacad.com\/d18\/?s={search_term_string}"},"query-input":{"@type":"PropertyValueSpecification","valueRequired":true,"valueName":"search_term_string"}}],"inLanguage":"es"}]}},"_links":{"self":[{"href":"https:\/\/demoacad.com\/d18\/wp-json\/wp\/v2\/pages\/79","targetHints":{"allow":["GET"]}}],"collection":[{"href":"https:\/\/demoacad.com\/d18\/wp-json\/wp\/v2\/pages"}],"about":[{"href":"https:\/\/demoacad.com\/d18\/wp-json\/wp\/v2\/types\/page"}],"author":[{"embeddable":true,"href":"https:\/\/demoacad.com\/d18\/wp-json\/wp\/v2\/users\/1"}],"replies":[{"embeddable":true,"href":"https:\/\/demoacad.com\/d18\/wp-json\/wp\/v2\/comments?post=79"}],"version-history":[{"count":7,"href":"https:\/\/demoacad.com\/d18\/wp-json\/wp\/v2\/pages\/79\/revisions"}],"predecessor-version":[{"id":172,"href":"https:\/\/demoacad.com\/d18\/wp-json\/wp\/v2\/pages\/79\/revisions\/172"}],"wp:attachment":[{"href":"https:\/\/demoacad.com\/d18\/wp-json\/wp\/v2\/media?parent=79"}],"curies":[{"name":"wp","href":"https:\/\/api.w.org\/{rel}","templated":true}]}}